{"id":373,"date":"2022-06-24T10:03:04","date_gmt":"2022-06-24T10:03:04","guid":{"rendered":"https:\/\/fbrake-itv.isva.uc3m.es\/?page_id=373"},"modified":"2022-06-30T10:30:28","modified_gmt":"2022-06-30T10:30:28","slug":"eventos","status":"publish","type":"page","link":"https:\/\/fbrake-itv.isva.uc3m.es\/en\/eventos\/","title":{"rendered":"Eventos"},"content":{"rendered":"<div data-colibri-id=\"373-c1\" class=\"style-344 style-local-373-c1 position-relative\">\n  <!---->\n  <div data-colibri-component=\"section\" data-colibri-id=\"373-c2\" id=\"about\" class=\"h-section h-section-global-spacing d-flex align-items-lg-center align-items-md-center align-items-center style-345 style-local-373-c2 position-relative\">\n    <!---->\n    <!---->\n    <div class=\"h-section-grid-container h-section-boxed-container\">\n      <!---->\n      <div data-colibri-id=\"373-c3\" class=\"h-row-container gutters-row-lg-2 gutters-row-md-2 gutters-row-2 gutters-row-v-lg-2 gutters-row-v-md-2 gutters-row-v-2 style-346 style-local-373-c3 position-relative\">\n        <!---->\n        <div class=\"h-row justify-content-lg-center justify-content-md-center justify-content-center align-items-lg-stretch align-items-md-stretch align-items-stretch gutters-col-lg-2 gutters-col-md-2 gutters-col-2 gutters-col-v-lg-2 gutters-col-v-md-2 gutters-col-v-2\">\n          <!---->\n          <div class=\"h-column h-column-container d-flex h-col-lg-auto h-col-md-auto h-col-auto style-347-outer style-local-373-c4-outer\">\n            <div data-colibri-id=\"373-c4\" class=\"d-flex h-flex-basis h-column__inner h-px-lg-2 h-px-md-2 h-px-2 v-inner-lg-2 v-inner-md-2 v-inner-2 style-347 style-local-373-c4 position-relative\">\n              <!---->\n              <!---->\n              <div class=\"w-100 h-y-container h-column__content h-column__v-align flex-basis-100 align-self-lg-center align-self-md-center align-self-center\">\n                <!---->\n                <div data-colibri-id=\"373-c5\" class=\"h-global-transition-all h-heading style-348 style-local-373-c5 position-relative h-element\">\n                  <!---->\n                  <div class=\"h-heading__outer style-348 style-local-373-c5\">\n                    <!---->\n                    <!---->\n                    <h5 class=\"\">23-06-2022<\/h5>\n                  <\/div>\n                <\/div>\n                <div data-colibri-id=\"373-c6\" class=\"h-global-transition-all h-heading style-349 style-local-373-c6 position-relative h-element\">\n                  <!---->\n                  <div class=\"h-heading__outer style-349 style-local-373-c6\">\n                    <!---->\n                    <!---->\n                    <h2 class=\"\">Jornada t\u00e9cnica:\n                      <br>Presentaci\u00f3n de fBrake para veh\u00edculos industriales<\/h2>\n                  <\/div>\n                <\/div>\n                <div data-colibri-id=\"373-c7\" class=\"h-text h-text-component style-350 style-local-373-c7 position-relative h-element\">\n                  <!---->\n                  <!---->\n                  <div class=\"\">\n                    <p>Campus Puerta de Toledo, Madrid<\/p>\n                  <\/div>\n                <\/div>\n              <\/div>\n            <\/div>\n          <\/div>\n          <div class=\"h-column h-column-container d-flex h-col-lg-auto h-col-md-auto h-col-auto style-353-outer style-local-373-c8-outer\">\n            <div data-colibri-id=\"373-c8\" class=\"d-flex h-flex-basis h-column__inner h-px-lg-2 h-px-md-2 h-px-2 v-inner-lg-2 v-inner-md-2 v-inner-2 style-353 style-local-373-c8 position-relative\">\n              <!---->\n              <!---->\n              <div class=\"w-100 h-y-container h-column__content h-column__v-align flex-basis-100 align-self-lg-center align-self-md-center align-self-center\">\n                <!---->\n                <div data-colibri-id=\"373-c9\" class=\"d-block style-354 style-local-373-c9 position-relative h-element\">\n                  <!---->\n                  <div class=\"h-image__frame-container-outer\">\n                    <div class=\"h-image__frame-container\">\n                      <!---->\n                      <!---->\n                      <img loading=\"lazy\" decoding=\"async\" width=\"1280\" height=\"720\" src=\"https:\/\/fbrake-itv.isva.uc3m.es\/wp-content\/uploads\/2022\/06\/unnamed.jpg\" class=\"wp-image-502 style-354-image style-local-373-c9-image\" alt=\"\" srcset=\"https:\/\/fbrake-itv.isva.uc3m.es\/wp-content\/uploads\/2022\/06\/unnamed.jpg 1280w, https:\/\/fbrake-itv.isva.uc3m.es\/wp-content\/uploads\/2022\/06\/unnamed-300x169.jpg 300w, https:\/\/fbrake-itv.isva.uc3m.es\/wp-content\/uploads\/2022\/06\/unnamed-1024x576.jpg 1024w, https:\/\/fbrake-itv.isva.uc3m.es\/wp-content\/uploads\/2022\/06\/unnamed-768x432.jpg 768w, https:\/\/fbrake-itv.isva.uc3m.es\/wp-content\/uploads\/2022\/06\/unnamed-18x10.jpg 18w\" sizes=\"auto, (max-width: 1280px) 100vw, 1280px\" \/>\n                      <div class=\"h-image__frame h-hide-sm style-354-frameImage style-local-373-c9-frameImage\"><\/div>\n                    <\/div>\n                  <\/div>\n                <\/div>\n              <\/div>\n            <\/div>\n          <\/div>\n        <\/div>\n      <\/div>\n      <div data-colibri-id=\"373-c10\" class=\"h-row-container gutters-row-lg-2 gutters-row-md-2 gutters-row-2 gutters-row-v-lg-2 gutters-row-v-md-2 gutters-row-v-2 style-346 style-local-373-c10 position-relative\">\n        <!---->\n        <div class=\"h-row justify-content-lg-center justify-content-md-center justify-content-center align-items-lg-stretch align-items-md-stretch align-items-stretch gutters-col-lg-2 gutters-col-md-2 gutters-col-2 gutters-col-v-lg-2 gutters-col-v-md-2 gutters-col-v-2\">\n          <!---->\n          <div class=\"h-column h-column-container d-flex h-col-lg-auto h-col-md-auto h-col-auto style-353-outer style-local-373-c11-outer\">\n            <div data-colibri-id=\"373-c11\" class=\"d-flex h-flex-basis h-column__inner h-px-lg-2 h-px-md-2 h-px-2 v-inner-lg-2 v-inner-md-2 v-inner-2 style-353 style-local-373-c11 position-relative\">\n              <!---->\n              <!---->\n              <div class=\"w-100 h-y-container h-column__content h-column__v-align flex-basis-100 align-self-lg-center align-self-md-center align-self-center\">\n                <!---->\n                <div data-colibri-id=\"373-c12\" class=\"h-text h-text-component style-368 style-local-373-c12 position-relative h-element\">\n                  <!---->\n                  <!---->\n                  <div class=\"\">\n                    <h3>Simulaci\u00f3n de sistemas mec\u00e1nicos. Fundamentos f\u00edsicos de fBrake<\/h3>\n                    <h6>D. Victor Romero G\u00f3mez.&nbsp;<em>Investigador ISVA-UC3M<\/em><\/h6>\n                    <p><span style=\"font-weight: 400; font-size: 16px; font-family: &quot;Open Sans&quot;; color: rgb(70, 112, 127);\"><\/span><\/p>\n                  <\/div>\n                <\/div>\n              <\/div>\n            <\/div>\n          <\/div>\n          <div class=\"h-column h-column-container d-flex h-col-lg-auto h-col-md-auto h-col-auto style-372-outer style-local-373-c13-outer\">\n            <div data-colibri-id=\"373-c13\" class=\"d-flex h-flex-basis h-column__inner h-px-lg-2 h-px-md-2 h-px-2 v-inner-lg-2 v-inner-md-2 v-inner-2 style-372 style-local-373-c13 position-relative\">\n              <!---->\n              <!---->\n              <div class=\"w-100 h-y-container h-column__content h-column__v-align flex-basis-100 align-self-lg-start align-self-md-start align-self-start\">\n                <!---->\n                <div data-colibri-id=\"373-c14\" class=\"h-text h-text-component style-386 style-local-373-c14 position-relative h-element\">\n                  <!---->\n                  <!---->\n                  <div class=\"\">\n                    <h2>Primera parte de la sesi\u00f3n\n                      <br>\n                      <br>\n                    <\/h2>\n                    <p>\n                      <br>\n                    <\/p>\n                  <\/div>\n                <\/div>\n                <div data-colibri-component=\"video\" data-colibri-id=\"373-c15\" class=\"d-block h-video d-block h-video style-387 style-local-373-c15 position-relative h-element\">\n                  <!---->\n                  <!---->\n                  <div class=\"video-container position-relative\">\n                    <div class=\"h-global-transition-all ratio-inner\"><iframe src=\"https:\/\/www.youtube.com\/embed\/RXPUqSm9bhU?autoplay=0&#038;mute=0&#038;modestbranding=0&#038;rel=0&#038;enablejsapi=1&#038;\" class='h-video-main'  allowfullscreen><\/iframe><\/div>\n                  <\/div>\n                <\/div>\n              <\/div>\n            <\/div>\n          <\/div>\n        <\/div>\n      <\/div>\n      <div data-colibri-id=\"373-c17\" class=\"h-row-container gutters-row-lg-2 gutters-row-md-2 gutters-row-0 gutters-row-v-lg-2 gutters-row-v-md-2 gutters-row-v-2 style-375 style-local-373-c17 position-relative\">\n        <!---->\n        <div class=\"h-row justify-content-lg-center justify-content-md-center justify-content-center align-items-lg-stretch align-items-md-stretch align-items-stretch gutters-col-lg-2 gutters-col-md-2 gutters-col-0 gutters-col-v-lg-2 gutters-col-v-md-2 gutters-col-v-2\">\n          <!---->\n          <div class=\"h-column h-column-container d-flex h-col-lg-auto h-col-md-auto h-col-auto style-376-outer style-local-373-c18-outer\">\n            <div data-colibri-id=\"373-c18\" class=\"d-flex h-flex-basis h-column__inner h-px-lg-2 h-px-md-2 h-px-2 v-inner-lg-2 v-inner-md-2 v-inner-2 style-376 style-local-373-c18 position-relative\">\n              <!---->\n              <!---->\n              <div class=\"w-100 h-y-container h-column__content h-column__v-align flex-basis-100 align-self-lg-start align-self-md-start align-self-start\">\n                <!---->\n                <div data-colibri-id=\"373-c19\" class=\"h-text h-text-component style-378 style-local-373-c19 position-relative h-element\">\n                  <!---->\n                  <!---->\n                  <div class=\"\">\n                    <h3>Arquitectura Software de fBrake<\/h3>\n                    <h6>D. Javier Garc\u00eda Guzman.&nbsp;<em>Profesor Titular ISVA-UC3M.<\/em>&nbsp;<em>Responsable desarrollo software de fBrake.<\/em><\/h6>\n                    \n                    <p>\n                      <br>\n                    <\/p>\n                  <\/div>\n                <\/div>\n              <\/div>\n            <\/div>\n          <\/div>\n          <div class=\"h-column h-column-container d-flex h-col-lg-auto h-col-md-auto h-col-auto style-377-outer style-local-373-c20-outer\">\n            <div data-colibri-id=\"373-c20\" class=\"d-flex h-flex-basis h-column__inner h-ui-empty-state-container h-px-lg-2 h-px-md-2 h-px-2 v-inner-lg-2 v-inner-md-2 v-inner-2 style-377 style-local-373-c20 position-relative\">\n              <!---->\n              <!---->\n              <div class=\"w-100 h-y-container h-column__content h-column__v-align flex-basis-100\">\n                <!---->\n              <\/div>\n            <\/div>\n          <\/div>\n        <\/div>\n      <\/div>\n      <div data-colibri-id=\"373-c21\" class=\"h-row-container gutters-row-lg-2 gutters-row-md-2 gutters-row-0 gutters-row-v-lg-2 gutters-row-v-md-2 gutters-row-v-2 style-392 style-local-373-c21 position-relative\">\n        <!---->\n        <div class=\"h-row justify-content-lg-center justify-content-md-center justify-content-center align-items-lg-stretch align-items-md-stretch align-items-stretch gutters-col-lg-2 gutters-col-md-2 gutters-col-0 gutters-col-v-lg-2 gutters-col-v-md-2 gutters-col-v-2\">\n          <!---->\n          <div class=\"h-column h-column-container d-flex h-col-lg-auto h-col-md-auto h-col-auto style-393-outer style-local-373-c22-outer\">\n            <div data-colibri-id=\"373-c22\" class=\"d-flex h-flex-basis h-column__inner h-ui-empty-state-container h-px-lg-2 h-px-md-2 h-px-2 v-inner-lg-2 v-inner-md-2 v-inner-2 style-393 style-local-373-c22 position-relative\">\n              <!---->\n              <!---->\n              <div class=\"w-100 h-y-container h-column__content h-column__v-align flex-basis-100\">\n                <!---->\n              <\/div>\n            <\/div>\n          <\/div>\n        <\/div>\n      <\/div>\n      <div data-colibri-id=\"373-c23\" class=\"h-row-container gutters-row-lg-2 gutters-row-md-2 gutters-row-0 gutters-row-v-lg-2 gutters-row-v-md-2 gutters-row-v-2 style-379 style-local-373-c23 position-relative\">\n        <!---->\n        <div class=\"h-row justify-content-lg-center justify-content-md-center justify-content-center align-items-lg-stretch align-items-md-stretch align-items-stretch gutters-col-lg-2 gutters-col-md-2 gutters-col-0 gutters-col-v-lg-2 gutters-col-v-md-2 gutters-col-v-2\">\n          <!---->\n          <div class=\"h-column h-column-container d-flex h-col-lg-auto h-col-md-auto h-col-auto style-380-outer style-local-373-c24-outer\">\n            <div data-colibri-id=\"373-c24\" class=\"d-flex h-flex-basis h-column__inner h-px-lg-2 h-px-md-2 h-px-2 v-inner-lg-2 v-inner-md-2 v-inner-2 style-380 style-local-373-c24 position-relative\">\n              <!---->\n              <!---->\n              <div class=\"w-100 h-y-container h-column__content h-column__v-align flex-basis-100 align-self-lg-start align-self-md-start align-self-start\">\n                <!---->\n                <div data-colibri-id=\"373-c25\" class=\"h-text h-text-component style-382 style-local-373-c25 position-relative h-element\">\n                  <!---->\n                  <!---->\n                  <div class=\"\">\n                    <h3>Demostraci\u00f3n de funcionamiento de fBrake<\/h3>\n                    <h6>D\u00f1a. Patricia Arenas Villaverde.&nbsp;<em>Investigadora ISVA-UC3M<\/em><\/h6>\n                    \n                    <p>\n                      <br>\n                    <\/p>\n                  <\/div>\n                <\/div>\n              <\/div>\n            <\/div>\n          <\/div>\n          <div class=\"h-column h-column-container d-flex h-col-lg-auto h-col-md-auto h-col-auto style-381-outer style-local-373-c26-outer\">\n            <div data-colibri-id=\"373-c26\" class=\"d-flex h-flex-basis h-column__inner h-px-lg-2 h-px-md-2 h-px-2 v-inner-lg-2 v-inner-md-2 v-inner-2 style-381 style-local-373-c26 position-relative\">\n              <!---->\n              <!---->\n              <div class=\"w-100 h-y-container h-column__content h-column__v-align flex-basis-100 align-self-lg-start align-self-md-start align-self-start\">\n                <!---->\n                <div data-colibri-id=\"373-c27\" class=\"h-text h-text-component style-383 style-local-373-c27 position-relative h-element\">\n                  <!---->\n                  <!---->\n                  <div class=\"\">\n                    <h2>Segunda parte de la sesi\u00f3n\n                      <br>\n                      <br>\n                    <\/h2>\n                    <p>\n                      <br>\n                    <\/p>\n                  <\/div>\n                <\/div>\n                <div data-colibri-component=\"video\" data-colibri-id=\"373-c28\" class=\"d-block h-video d-block h-video style-384 style-local-373-c28 position-relative h-element\">\n                  <!---->\n                  <!---->\n                  <div class=\"video-container position-relative\">\n                    <div class=\"h-global-transition-all ratio-inner\"><iframe src=\"https:\/\/www.youtube.com\/embed\/H4BXtUuG8bE?autoplay=0&#038;mute=0&#038;modestbranding=0&#038;rel=0&#038;enablejsapi=1&#038;\" class='h-video-main'  allowfullscreen><\/iframe><\/div>\n                  <\/div>\n                <\/div>\n              <\/div>\n            <\/div>\n          <\/div>\n        <\/div>\n      <\/div>\n      <div data-colibri-id=\"373-c30\" class=\"h-row-container gutters-row-lg-2 gutters-row-md-2 gutters-row-0 gutters-row-v-lg-2 gutters-row-v-md-2 gutters-row-v-2 style-389 style-local-373-c30 position-relative\">\n        <!---->\n        <div class=\"h-row justify-content-lg-center justify-content-md-center justify-content-center align-items-lg-stretch align-items-md-stretch align-items-stretch gutters-col-lg-2 gutters-col-md-2 gutters-col-0 gutters-col-v-lg-2 gutters-col-v-md-2 gutters-col-v-2\">\n          <!---->\n          <div class=\"h-column h-column-container d-flex h-col-lg-auto h-col-md-auto h-col-auto style-390-outer style-local-373-c31-outer\">\n            <div data-colibri-id=\"373-c31\" class=\"d-flex h-flex-basis h-column__inner h-px-lg-2 h-px-md-2 h-px-2 v-inner-lg-2 v-inner-md-2 v-inner-2 style-390 style-local-373-c31 position-relative\">\n              <!---->\n              <!---->\n              <div class=\"w-100 h-y-container h-column__content h-column__v-align flex-basis-100 align-self-lg-start align-self-md-start align-self-start\">\n                <!---->\n                <div data-colibri-id=\"373-c32\" class=\"h-text h-text-component style-396 style-local-373-c32 position-relative h-element\">\n                  <!---->\n                  <!---->\n                  <div class=\"\">\n                    <h3>Validaci\u00f3n de fBrake seg\u00fan UNE 26110<\/h3>\n                    <h6>D. Jos\u00e9 Luis San Rom\u00e1n Garc\u00eda.&nbsp;<em>Catedr\u00e1tico ISVA-UC3M. Responsable desarrollo de fBrake.<\/em><\/h6>\n                    \n                    <p>\n                      <br>\n                    <\/p>\n                  <\/div>\n                <\/div>\n              <\/div>\n            <\/div>\n          <\/div>\n          <div class=\"h-column h-column-container d-flex h-col-lg-auto h-col-md-auto h-col-auto style-391-outer style-local-373-c33-outer\">\n            <div data-colibri-id=\"373-c33\" class=\"d-flex h-flex-basis h-column__inner h-ui-empty-state-container h-px-lg-2 h-px-md-2 h-px-2 v-inner-lg-2 v-inner-md-2 v-inner-2 style-391 style-local-373-c33 position-relative\">\n              <!---->\n              <!---->\n              <div class=\"w-100 h-y-container h-column__content h-column__v-align flex-basis-100\">\n                <!---->\n              <\/div>\n            <\/div>\n          <\/div>\n        <\/div>\n      <\/div>\n    <\/div>\n  <\/div>\n  <div data-colibri-component=\"section\" data-colibri-id=\"373-c34\" id=\"custom\" class=\"h-section h-section-global-spacing d-flex align-items-lg-center align-items-md-center align-items-center style-355 style-local-373-c34 position-relative\">\n    <!---->\n    <!---->\n    <div class=\"h-section-grid-container h-section-boxed-container\">\n      <!---->\n      <div data-colibri-id=\"373-c35\" class=\"h-row-container gutters-row-lg-2 gutters-row-md-2 gutters-row-0 gutters-row-v-lg-2 gutters-row-v-md-2 gutters-row-v-2 style-356 style-local-373-c35 position-relative\">\n        <!---->\n        <div class=\"h-row justify-content-lg-center justify-content-md-center justify-content-center align-items-lg-stretch align-items-md-stretch align-items-stretch gutters-col-lg-2 gutters-col-md-2 gutters-col-0 gutters-col-v-lg-2 gutters-col-v-md-2 gutters-col-v-2\">\n          <!---->\n          <div class=\"h-column h-column-container d-flex h-col-lg-auto h-col-md-auto h-col-auto style-357-outer style-local-373-c36-outer\">\n            <div data-colibri-id=\"373-c36\" class=\"d-flex h-flex-basis h-column__inner h-ui-empty-state-container h-px-lg-2 h-px-md-2 h-px-2 v-inner-lg-2 v-inner-md-2 v-inner-2 style-357 style-local-373-c36 position-relative\">\n              <!---->\n              <!---->\n              <div class=\"w-100 h-y-container h-column__content h-column__v-align flex-basis-100\">\n                <!---->\n              <\/div>\n            <\/div>\n          <\/div>\n        <\/div>\n      <\/div>\n    <\/div>\n  <\/div>\n<\/div>","protected":false},"excerpt":{"rendered":"<p>23-06-2022 Jornada t\u00e9cnica: Presentaci\u00f3n de fBrake para veh\u00edculos industriales Campus Puerta de Toledo, Madrid \ufeffSimulaci\u00f3n de sistemas mec\u00e1nicos. Fundamentos f\u00edsicos de fBrake D. Victor Romero G\u00f3mez.&nbsp;Investigador ISVA-UC3M Primera parte de la sesi\u00f3n Arquitectura Software de fBrake D. Javier Garc\u00eda Guzman.&nbsp;Profesor Titular ISVA-UC3M.&nbsp;Responsable desarrollo software de fBrake. Demostraci\u00f3n de funcionamiento de fBrake D\u00f1a. Patricia Arenas Villaverde.&nbsp;Investigadora [&hellip;]<\/p>\n","protected":false},"author":1,"featured_media":0,"parent":0,"menu_order":0,"comment_status":"closed","ping_status":"closed","template":"page-templates\/full-width-page.php","meta":{"footnotes":""},"class_list":["post-373","page","type-page","status-publish","hentry"],"_links":{"self":[{"href":"https:\/\/fbrake-itv.isva.uc3m.es\/en\/wp-json\/wp\/v2\/pages\/373","targetHints":{"allow":["GET"]}}],"collection":[{"href":"https:\/\/fbrake-itv.isva.uc3m.es\/en\/wp-json\/wp\/v2\/pages"}],"about":[{"href":"https:\/\/fbrake-itv.isva.uc3m.es\/en\/wp-json\/wp\/v2\/types\/page"}],"author":[{"embeddable":true,"href":"https:\/\/fbrake-itv.isva.uc3m.es\/en\/wp-json\/wp\/v2\/users\/1"}],"replies":[{"embeddable":true,"href":"https:\/\/fbrake-itv.isva.uc3m.es\/en\/wp-json\/wp\/v2\/comments?post=373"}],"version-history":[{"count":9,"href":"https:\/\/fbrake-itv.isva.uc3m.es\/en\/wp-json\/wp\/v2\/pages\/373\/revisions"}],"predecessor-version":[{"id":526,"href":"https:\/\/fbrake-itv.isva.uc3m.es\/en\/wp-json\/wp\/v2\/pages\/373\/revisions\/526"}],"wp:attachment":[{"href":"https:\/\/fbrake-itv.isva.uc3m.es\/en\/wp-json\/wp\/v2\/media?parent=373"}],"curies":[{"name":"wp","href":"https:\/\/api.w.org\/{rel}","templated":true}]}}